{"id":356,"date":"2017-10-13T16:48:00","date_gmt":"2017-10-13T14:48:00","guid":{"rendered":"http:\/\/wpoffice\/band\/?page_id=356"},"modified":"2024-01-12T16:49:54","modified_gmt":"2024-01-12T16:49:54","slug":"bookings","status":"publish","type":"page","link":"https:\/\/yallaroo.de\/index.php\/bookings\/","title":{"rendered":"Bookings"},"content":{"rendered":"<div id='av_section_1'  class='avia-section main_color avia-section-huge avia-no-border-styling  avia-full-stretch av-section-color-overlay-active avia-bg-style-scroll  avia-builder-el-0  el_before_av_section  avia-builder-el-first   av-minimum-height av-minimum-height-75  container_wrap fullsize' style='background-repeat: no-repeat; background-image: url(https:\/\/yallaroo.de\/wp-content\/uploads\/2021\/04\/boris_gross.jpg);background-attachment: scroll; background-position: top center;  '  data-section-bg-repeat='stretch' data-av_minimum_height_pc='75'><div class='av-section-color-overlay-wrap'><div class='av-section-color-overlay' style='opacity: 0.7; background-color: #000000; '><\/div><div class='container' ><main  role=\"main\" itemprop=\"mainContentOfPage\"  class='template-page content  av-content-full alpha units'><div class='post-entry post-entry-type-page post-entry-356'><div class='entry-content-wrapper clearfix'>\n<\/div><\/div><\/main><!-- close content main element --><\/div><\/div><\/div><div id='av_section_2'  class='avia-section main_color avia-section-huge avia-no-border-styling  av-section-color-overlay-active avia-bg-style-fixed  avia-builder-el-1  el_after_av_section  el_before_av_textblock   av-arrow-down-section container_wrap fullsize' style=' '  ><div class='av-section-color-overlay-wrap'><div class='av-section-color-overlay' style='opacity: 0.7; background-color: #000000; background-image: url(https:\/\/yallaroo.de\/wp-content\/themes\/enfold\/images\/background-images\/grunge-big-light.png); background-repeat: repeat;'><\/div><div class='container' ><div class='template-page content  av-content-full alpha units'><div class='post-entry post-entry-type-page post-entry-356'><div class='entry-content-wrapper clearfix'>\n<section class=\"av_textblock_section \"  itemscope=\"itemscope\" itemtype=\"https:\/\/schema.org\/CreativeWork\" ><div class='avia_textblock  '   itemprop=\"text\" ><h1 style=\"text-align: center;\">BOOKING<\/h1>\n<\/div><\/section>\n<div class=\"flex_column av_one_half  flex_column_div av-zero-column-padding first  avia-builder-el-3  el_after_av_textblock  el_before_av_one_half  column-top-margin\" style='border-radius:0px; '><p><div  style='padding-bottom:10px; font-size:30px;' class='av-special-heading av-special-heading-h3  blockquote modern-quote  avia-builder-el-4  el_before_av_textblock  avia-builder-el-first  av-inherit-size '><h3 class='av-special-heading-tag '  itemprop=\"headline\"  >YALLAROO buchen<\/h3><div class='special-heading-border'><div class='special-heading-inner-border' ><\/div><\/div><\/div><br \/>\n<section class=\"av_textblock_section \"  itemscope=\"itemscope\" itemtype=\"https:\/\/schema.org\/CreativeWork\" ><div class='avia_textblock  '   itemprop=\"text\" ><p>\u201eDie passende Stimmung zu Ihrem Anlass? Dann ist Yallaroo die richtige Wahl. Musik und Show, wie Sie es sich w\u00fcnschen. Egal, ob OpenAir-Event, Stra\u00dfenfest, Ihre Firmenfeier, Ihren Firmenempfang, eine Feier im privaten Rahmen, Ihre Maifeier o.\u00e4. kontakten Sie uns einfach! Gerne beraten wir Sie und stellen das richtige Programm f\u00fcr Sie zusammen.\u201c<\/p>\n<\/div><\/section><br \/>\n<div  style='padding-bottom:10px; font-size:30px;' class='av-special-heading av-special-heading-h3  blockquote modern-quote  avia-builder-el-6  el_after_av_textblock  el_before_av_textblock  av-inherit-size '><h3 class='av-special-heading-tag '  itemprop=\"headline\"  >Direkter Kontakt:<\/h3><div class='special-heading-border'><div class='special-heading-inner-border' ><\/div><\/div><\/div><br \/>\n<section class=\"av_textblock_section \"  itemscope=\"itemscope\" itemtype=\"https:\/\/schema.org\/CreativeWork\" ><div class='avia_textblock  '   itemprop=\"text\" ><p><strong>Frank Kwidor<\/strong><\/p>\n<p>Kiwittredder 36<br \/>\n22399 Hamburg<\/p>\n<p>Tel: 0173 6 82 96 25<\/p>\n<p><a href=\"mailto:yallaroo@web.de\">frank@yallaroo.de<\/a><\/p>\n<\/div><\/section><\/p><\/div><div class=\"flex_column av_one_half  flex_column_div av-zero-column-padding   avia-builder-el-8  el_after_av_one_half  avia-builder-el-last  column-top-margin\" style='border-radius:0px; '><form action=\"https:\/\/yallaroo.de\/index.php\/bookings\/\" method=\"post\"  class=\"avia_ajax_form av-form-labels-hidden   avia-builder-el-9  avia-builder-el-no-sibling   \" data-avia-form-id=\"1\" data-avia-redirect='' ><fieldset><p class='  first_form  form_element form_fullwidth' id='element_avia_1_1'><label for=\"avia_1_1\">Name <abbr class=\"required\" title=\"ben\u00f6tigt\">*<\/abbr><\/label> <input name=\"avia_1_1\" class=\"text_input is_empty\" type=\"text\" id=\"avia_1_1\" value=\"\"  placeholder='Name*'\/><\/p><p class='  first_form  form_element form_fullwidth' id='element_avia_2_1'><label for=\"avia_2_1\">E-Mail <abbr class=\"required\" title=\"ben\u00f6tigt\">*<\/abbr><\/label> <input name=\"avia_2_1\" class=\"text_input is_email\" type=\"text\" id=\"avia_2_1\" value=\"\"  placeholder='E-Mail*'\/><\/p><p class=' first_form  form_element form_fullwidth' id='element_avia_3_1'><label for=\"avia_3_1\">Event<\/label> <select  name=\"avia_3_1\" class=\"select \" id=\"avia_3_1\"><option  value =''>Event<\/option><option  value ='Club-Veranstaltung'>Club-Veranstaltung<\/option><option  value ='private Feier'>private Feier<\/option><option  value ='Festival \/ Stra\u00dfenfeste \/ OpenAir'>Festival \/ Stra\u00dfenfeste \/ OpenAir<\/option><option  value ='Hochzeit'>Hochzeit<\/option><option  value ='Firmenveranstaltung'>Firmenveranstaltung<\/option><\/select><\/p><p class='  first_form  form_element form_fullwidth' id='element_avia_4_1'><label for=\"avia_4_1\" class=\"textare_label hidden textare_label_avia_4_1\">Message <abbr class=\"required\" title=\"ben\u00f6tigt\">*<\/abbr><\/label><textarea  placeholder='Message*' name=\"avia_4_1\" class=\"text_area is_empty\" cols=\"40\" rows=\"7\" id=\"avia_4_1\" ><\/textarea><\/p><p class=\"hidden\"><input type=\"text\" name=\"avia_5_1\" class=\"hidden \" id=\"avia_5_1\" value=\"\" \/><\/p><p class='   form_element form_fullwidth' id='element_avia_6_1'><span class='value_verifier_label'>3 + 4 = ?<\/span><input name=\"avia_6_1_verifier\" type=\"hidden\" id=\"avia_6_1_verifier\" value=\"677276774\"\/><label for=\"avia_6_1\">Bitte l\u00f6se die Gleichung. Diese Ma\u00dfnahme dient der Abwehr von Spam <abbr class=\"required\" title=\"ben\u00f6tigt\">*<\/abbr><\/label><input name=\"avia_6_1\" class=\"text_input captcha\" type=\"text\" id=\"avia_6_1\" value=\"\"\/><\/p><p class=\"form_element \"><input type=\"hidden\" value=\"1\" name=\"avia_generated_form1\" \/><input type=\"submit\" value=\"Absenden\" class=\"button\"  data-sending-label=\"Sende\"\/><\/p><\/fieldset><\/form><div id=\"ajaxresponse_1\" class=\"ajaxresponse ajaxresponse_1 hidden\"><\/div><\/div>\n<\/div><\/div><\/div><!-- close content main div --><\/div><div class='av-extra-border-element border-extra-arrow-down'><div class='av-extra-border-outer'><div class='av-extra-border-inner'  style='background-color:#111111;' ><\/div><\/div><\/div><\/div><\/div><div id='after_section_2'  class='main_color av_default_container_wrap container_wrap fullsize' style=' '  ><div class='container' ><div class='template-page content  av-content-full alpha units'><div class='post-entry post-entry-type-page post-entry-356'><div class='entry-content-wrapper clearfix'>\n<section class=\"av_textblock_section \"  itemscope=\"itemscope\" itemtype=\"https:\/\/schema.org\/CreativeWork\" ><div class='avia_textblock  '   itemprop=\"text\" ><h1 style=\"text-align: center;\">DOWNLOADS<\/h1>\n<h1 style=\"text-align: center;\"><\/h1>\n<\/div><\/section>\n<\/div><\/div><\/div><!-- close content main div --><\/div><\/div><div id='av_section_3'  class='avia-section main_color avia-section-default avia-no-border-styling  avia-bg-style-scroll  avia-builder-el-11  el_after_av_textblock  avia-builder-el-last   container_wrap fullsize' style=' '  ><div class='container' ><div class='template-page content  av-content-full alpha units'><div class='post-entry post-entry-type-page post-entry-356'><div class='entry-content-wrapper clearfix'>\n<section class=\"av_textblock_section \"  itemscope=\"itemscope\" itemtype=\"https:\/\/schema.org\/CreativeWork\" ><div class='avia_textblock  '   itemprop=\"text\" ><h2 style=\"text-align: center;\">Presseinfo<\/h2>\n<p style=\"text-align: center;\">Yallaroo kompakt f\u00fcr Presse und Veranstalter<\/p>\n<blockquote>\n<h2 style=\"text-align: center;\"><a href=\"http:\/\/yallaroo.de\/wp-content\/uploads\/2021\/10\/Yallaroo-Praesentation-Rev.-0.4_ueberarbeitet-Jana.pdf\" target=\"_blank\" rel=\"noopener\">Yallaroo Pressemitteilung<\/a><\/h2>\n<h2 style=\"text-align: center;\"><a href=\"http:\/\/yallaroo.de\/wp-content\/uploads\/2021\/10\/Yallaroo-Praesentation-Rev.-0.4_ueberarbeitet-Jana.pdf\" target=\"_blank\" rel=\"noopener\">&#8211; Pr\u00e4sentation &#8211;<\/a><\/h2>\n<\/blockquote>\n<h1 style=\"text-align: center;\"><\/h1>\n<p style=\"text-align: center;\">\n<p style=\"text-align: center;\">\n<p style=\"text-align: center;\">\n<\/div><\/section>\n<div  class='avia-button-wrap avia-button-center  avia-builder-el-13  el_after_av_textblock  avia-builder-el-last ' ><a href='https:\/\/yallaroo.de\/wp-content\/uploads\/2021\/06\/Pressemitteilung.pdf'  class='avia-button  avia-color-theme-color   avia-icon_select-no avia-size-large avia-position-center '  target=\"_blank\"  rel=\"noopener noreferrer\"  ><span class='avia_iconbox_title' >PDF DOWNLOAD<\/span><\/a><\/div>\n\n","protected":false},"excerpt":{"rendered":"","protected":false},"author":3,"featured_media":0,"parent":0,"menu_order":0,"comment_status":"closed","ping_status":"closed","template":"","meta":{"footnotes":""},"class_list":["post-356","page","type-page","status-publish","hentry"],"_links":{"self":[{"href":"https:\/\/yallaroo.de\/index.php\/wp-json\/wp\/v2\/pages\/356","targetHints":{"allow":["GET"]}}],"collection":[{"href":"https:\/\/yallaroo.de\/index.php\/wp-json\/wp\/v2\/pages"}],"about":[{"href":"https:\/\/yallaroo.de\/index.php\/wp-json\/wp\/v2\/types\/page"}],"author":[{"embeddable":true,"href":"https:\/\/yallaroo.de\/index.php\/wp-json\/wp\/v2\/users\/3"}],"replies":[{"embeddable":true,"href":"https:\/\/yallaroo.de\/index.php\/wp-json\/wp\/v2\/comments?post=356"}],"version-history":[{"count":32,"href":"https:\/\/yallaroo.de\/index.php\/wp-json\/wp\/v2\/pages\/356\/revisions"}],"predecessor-version":[{"id":2148,"href":"https:\/\/yallaroo.de\/index.php\/wp-json\/wp\/v2\/pages\/356\/revisions\/2148"}],"wp:attachment":[{"href":"https:\/\/yallaroo.de\/index.php\/wp-json\/wp\/v2\/media?parent=356"}],"curies":[{"name":"wp","href":"https:\/\/api.w.org\/{rel}","templated":true}]}}