{"id":1915,"date":"2021-10-05T17:53:28","date_gmt":"2021-10-05T17:53:28","guid":{"rendered":"http:\/\/yallaroo.de\/?page_id=1915"},"modified":"2023-05-30T12:41:32","modified_gmt":"2023-05-30T12:41:32","slug":"live","status":"publish","type":"page","link":"https:\/\/yallaroo.de\/index.php\/live\/","title":{"rendered":"Live"},"content":{"rendered":"<div id='av_section_1'  class='avia-section main_color avia-section-default avia-no-border-styling  avia-full-stretch av-section-color-overlay-active avia-bg-style-fixed  avia-builder-el-0  el_before_av_section  avia-builder-el-first   av-minimum-height av-minimum-height-50  container_wrap fullsize' style='background-repeat: no-repeat; background-image: url(https:\/\/yallaroo.de\/wp-content\/uploads\/2023\/05\/yallaroo_grosse_buehne_sw.jpg);background-attachment: fixed; background-position: bottom center;  '  data-section-bg-repeat='stretch' data-av_minimum_height_pc='50'><div class='av-section-color-overlay-wrap'><div class='av-section-color-overlay' style='opacity: 0.5; background-color: #000000; '><\/div><div class='container' ><main  role=\"main\" itemprop=\"mainContentOfPage\"  class='template-page content  av-content-full alpha units'><div class='post-entry post-entry-type-page post-entry-1915'><div class='entry-content-wrapper clearfix'>\n<\/div><\/div><\/main><!-- close content main element --><\/div><\/div><\/div><div id='av_section_2'  class='avia-section main_color avia-section-huge avia-no-border-styling  av-section-color-overlay-active avia-bg-style-fixed  avia-builder-el-1  el_after_av_section  avia-builder-el-last   av-arrow-down-section container_wrap fullsize' style='background-color: #000000;  '  ><div class='av-section-color-overlay-wrap'><div class='av-section-color-overlay' style='opacity: 0.9; background-color: #000000; background-image: url(https:\/\/yallaroo.de\/wp-content\/themes\/enfold\/images\/background-images\/grunge-big-light.png); background-repeat: repeat;'><\/div><div class='container' ><div class='template-page content  av-content-full alpha units'><div class='post-entry post-entry-type-page post-entry-1915'><div class='entry-content-wrapper clearfix'>\n<section class=\"av_textblock_section \"  itemscope=\"itemscope\" itemtype=\"https:\/\/schema.org\/CreativeWork\" ><div class='avia_textblock  '   itemprop=\"text\" ><h1 style=\"text-align: center;\">LIVE UND TV<\/h1>\n<\/div><\/section>\n<div  style=' margin-top:15px; margin-bottom:20px;'  class='hr hr-custom hr-center hr-icon-yes   avia-builder-el-3  el_after_av_textblock  el_before_av_two_third '><span class='hr-inner  inner-border-av-border-fat' style=' width:50px; border-color:rgba(255,255,255,0.44); max-width:45%;' ><span class='hr-inner-style'><\/span><\/span><span class='av-seperator-icon' style='color:#ffffff;' aria-hidden='true' data-av_icon='\ue8b4' data-av_iconfont='entypo-fontello'><\/span><span class='hr-inner  inner-border-av-border-fat' style=' width:50px; border-color:rgba(255,255,255,0.44); max-width:45%;' ><span class='hr-inner-style'><\/span><\/span><\/div>\n<div class=\"flex_column av_two_third  flex_column_div av-zero-column-padding first  avia-builder-el-4  el_after_av_hr  el_before_av_one_third  \" style='border-radius:0px; '><div   id=\"live-kalender\"  class=\"togglecontainer  av-minimal-toggle toggle_close_all  avia-builder-el-5  avia-builder-el-no-sibling \" >\n<section class=\"av_toggle_section\"  itemscope=\"itemscope\" itemtype=\"https:\/\/schema.org\/CreativeWork\"  >    <div role=\"tablist\" class=\"single_toggle\" data-tags=\"{Alle} \"  >        <p data-fake-id=\"#toggle-id-1\" class=\"toggler activeTitle hasCustomColor av-inherit-font-color  av-inherit-border-color \"  itemprop=\"headline\"  style='background-color: rgba(0,0,0,0.5); color: #ffffff; border-color: rgba(10,10,10,0.58); '  role=\"tab\" tabindex=\"0\" aria-controls=\"toggle-id-1\">27. Mai 2023 - Yallaroo -live Strassenfest St Georg<span class=\"toggle_icon\" style='border-color:#ffffff;'>        <span class=\"vert_icon\"><\/span><span class=\"hor_icon\"><\/span><\/span><\/p>        <div id=\"toggle-id-1\" class=\"toggle_wrap active_tc\"  style='display:block;' >            <div class=\"toggle_content invers-color  av-inherit-font-color  av-inherit-border-color \"  itemprop=\"text\"  style='background-color: rgba(0,0,0,0.5); color: #ffffff; border-color: rgba(10,10,10,0.58); ' ><p>Yallaroo ist am Samstag den 27.05. beim Stra\u00dfenfest St Georg zu sehen.<\/p>\n<p>Zeit: 20:00 &#8211; 21:30 Uhr<\/p>\n            <\/div>        <\/div>    <\/div><\/section>\n<section class=\"av_toggle_section\"  itemscope=\"itemscope\" itemtype=\"https:\/\/schema.org\/CreativeWork\"  >    <div role=\"tablist\" class=\"single_toggle\" data-tags=\"{Alle} \"  >        <p data-fake-id=\"#toggle-id-2\" class=\"toggler  hasCustomColor av-inherit-font-color  av-inherit-border-color \"  itemprop=\"headline\"  style='background-color: rgba(0,0,0,0.5); color: #ffffff; border-color: rgba(10,10,10,0.58); '  role=\"tab\" tabindex=\"0\" aria-controls=\"toggle-id-2\">01. September 2023 - Yallaroo in der Klangbar Bergedorf<span class=\"toggle_icon\" style='border-color:#ffffff;'>        <span class=\"vert_icon\"><\/span><span class=\"hor_icon\"><\/span><\/span><\/p>        <div id=\"toggle-id-2\" class=\"toggle_wrap \"   >            <div class=\"toggle_content invers-color  av-inherit-font-color  av-inherit-border-color \"  itemprop=\"text\"  style='background-color: rgba(0,0,0,0.5); color: #ffffff; border-color: rgba(10,10,10,0.58); ' ><p>Yallaroo ist am 01.09.2023 in der Klangbar in Bergedorf zu sehen<\/p>\n            <\/div>        <\/div>    <\/div><\/section>\n<section class=\"av_toggle_section\"  itemscope=\"itemscope\" itemtype=\"https:\/\/schema.org\/CreativeWork\"  >    <div role=\"tablist\" class=\"single_toggle\" data-tags=\"{Alle} \"  >        <p data-fake-id=\"#toggle-id-3\" class=\"toggler  hasCustomColor av-inherit-font-color  av-inherit-border-color \"  itemprop=\"headline\"  style='background-color: rgba(0,0,0,0.5); color: #ffffff; border-color: rgba(10,10,10,0.58); '  role=\"tab\" tabindex=\"0\" aria-controls=\"toggle-id-3\">07. Oktober 2023 - Yallaroo spielt im Palmencafe Hasyloh<span class=\"toggle_icon\" style='border-color:#ffffff;'>        <span class=\"vert_icon\"><\/span><span class=\"hor_icon\"><\/span><\/span><\/p>        <div id=\"toggle-id-3\" class=\"toggle_wrap \"   >            <div class=\"toggle_content invers-color  av-inherit-font-color  av-inherit-border-color \"  itemprop=\"text\"  style='background-color: rgba(0,0,0,0.5); color: #ffffff; border-color: rgba(10,10,10,0.58); ' ><p>Yallaroo ist am 07.10.2023 im Palmencafe Hasloh live zu erleben<\/p>\n            <\/div>        <\/div>    <\/div><\/section>\n<\/div><\/div><div class=\"flex_column av_one_third  flex_column_div av-zero-column-padding   avia-builder-el-6  el_after_av_two_third  avia-builder-el-last  \" style='border-radius:0px; '><p><section class=\"av_textblock_section \"  itemscope=\"itemscope\" itemtype=\"https:\/\/schema.org\/CreativeWork\" ><div class='avia_textblock  av_inherit_color '  style='font-size:20px; color:#ffffff; '  itemprop=\"text\" ><p><strong>Wir kommen auch zu Euch!<\/strong><\/p>\n<\/div><\/section><br \/>\n<section class=\"av_textblock_section \"  itemscope=\"itemscope\" itemtype=\"https:\/\/schema.org\/CreativeWork\" ><div class='avia_textblock  av_inherit_color '  style='color:#ffffff; '  itemprop=\"text\" ><p>\u201eDie passende Stimmung zu Ihrem Anlass? Dann ist Yallaroo die richtige Wahl. Musik und Show, wie Sie es sich w\u00fcnschen. Egal, ob OpenAir-Event, Stra\u00dfenfest, Ihre Firmenfeier, Ihren Firmenempfang, eine Feier im privaten Rahmen, Ihre Maifeier o.\u00e4. kontakten Sie uns einfach! Gerne beraten wir Sie und stellen das richtige Programm f\u00fcr Sie zusammen.\u201c<\/p>\n<\/div><\/section><br \/>\n<div  class='avia-button-wrap avia-button-left  avia-builder-el-9  el_after_av_textblock  avia-builder-el-last ' ><a href='https:\/\/yallaroo.de\/index.php\/bookings\/'  class='avia-button  avia-color-light   avia-icon_select-no avia-size-large avia-position-left '   ><span class='avia_iconbox_title' >Buchungsanfrage<\/span><\/a><\/div><\/p><\/div>\n\n","protected":false},"excerpt":{"rendered":"","protected":false},"author":3,"featured_media":0,"parent":0,"menu_order":0,"comment_status":"closed","ping_status":"closed","template":"","meta":{"footnotes":""},"class_list":["post-1915","page","type-page","status-publish","hentry"],"_links":{"self":[{"href":"https:\/\/yallaroo.de\/index.php\/wp-json\/wp\/v2\/pages\/1915","targetHints":{"allow":["GET"]}}],"collection":[{"href":"https:\/\/yallaroo.de\/index.php\/wp-json\/wp\/v2\/pages"}],"about":[{"href":"https:\/\/yallaroo.de\/index.php\/wp-json\/wp\/v2\/types\/page"}],"author":[{"embeddable":true,"href":"https:\/\/yallaroo.de\/index.php\/wp-json\/wp\/v2\/users\/3"}],"replies":[{"embeddable":true,"href":"https:\/\/yallaroo.de\/index.php\/wp-json\/wp\/v2\/comments?post=1915"}],"version-history":[{"count":36,"href":"https:\/\/yallaroo.de\/index.php\/wp-json\/wp\/v2\/pages\/1915\/revisions"}],"predecessor-version":[{"id":2178,"href":"https:\/\/yallaroo.de\/index.php\/wp-json\/wp\/v2\/pages\/1915\/revisions\/2178"}],"wp:attachment":[{"href":"https:\/\/yallaroo.de\/index.php\/wp-json\/wp\/v2\/media?parent=1915"}],"curies":[{"name":"wp","href":"https:\/\/api.w.org\/{rel}","templated":true}]}}