{"id":1199,"date":"2021-06-02T06:20:41","date_gmt":"2021-06-02T06:20:41","guid":{"rendered":"http:\/\/yallaroo.de\/WordPress\/?page_id=1199"},"modified":"2021-06-26T12:38:02","modified_gmt":"2021-06-26T12:38:02","slug":"impressum","status":"publish","type":"page","link":"https:\/\/yallaroo.de\/index.php\/impressum\/","title":{"rendered":"Impressum"},"content":{"rendered":"\n<p>Angaben gem\u00e4\u00df \u00a7 5 TMG<br><strong>Yallaroo GbR<\/strong><br>Kiwittredder 36, 22399 Hamburg<\/p>\n\n\n\n<p><strong>Vertreten durch<\/strong><\/p>\n\n\n\n<p>Herr Frank Kwidor und Herr Volker John und weitere Gesellschafter gem\u00e4\u00df GbR Vertrag<\/p>\n\n\n\n<p><strong>Kontakt<\/strong><br>Telefon: 01736829625<br>E-Mail: frank@yallaroo.de<\/p>\n\n\n\n<p><\/p>\n\n\n\n<p><strong>Bankverbindung<\/strong><\/p>\n\n\n\n<p>N26<\/p>\n\n\n\n<p>IBAN: DE11 1001 1001 2622 7473 08<\/p>\n\n\n\n<p>BIC: NTSBDEB1XXX<br><\/p>\n\n\n\n<p><strong>Gerichtsstand<\/strong><\/p>\n\n\n\n<p>Hamburg<\/p>\n\n\n\n<p><\/p>\n\n\n\n<p><strong>Finanzamt<\/strong><\/p>\n\n\n\n<p>Hamburg-Oberalster<\/p>\n\n\n\n<p><strong>Umsatzsteuer-ID<\/strong><br>Umsatzsteuer-Identifikationsnummer gem\u00e4\u00df \u00a7 27 a Umsatzsteuergesetz:<br>50\/669\/01477<\/p>\n\n\n\n<p><strong>Redaktionell verantwortlich<\/strong><br>Yallaroo GbR (in persona Herr Boris Vasiljevic und Herr Frank Kwidor)<\/p>\n\n\n\n<p><strong>Verbraucherstreitbeilegung\/Universalschlichtungsstelle<\/strong><br>Wir sind nicht bereit oder verpflichtet, an Streitbeilegungsverfahren vor einer<br>Verbraucherschlichtungsstelle teilzunehmen.<\/p>\n\n\n\n<p><strong>Haftung f\u00fcr Inhalte<\/strong><br>Als Diensteanbieter sind wir gem\u00e4\u00df \u00a7 7 Abs.1 TMG f\u00fcr eigene Inhalte auf diesen Seiten nach den<br>allgemeinen Gesetzen verantwortlich. Nach \u00a7\u00a7 8 bis 10 TMG sind wir als Diensteanbieter jedoch nicht<br>verpflichtet, \u00fcbermittelte oder gespeicherte fremde Informationen zu \u00fcberwachen oder nach Umst\u00e4nden zu<br>forschen, die auf eine rechtswidrige T\u00e4tigkeit hinweisen.<br>2 \/ 4Verpflichtungen zur Entfernung oder Sperrung der Nutzung von Informationen nach den allgemeinen<br>Gesetzen bleiben hiervon unber\u00fchrt. Eine diesbez\u00fcgliche Haftung ist jedoch erst ab dem Zeitpunkt der<br>Kenntnis einer konkreten Rechtsverletzung m\u00f6glich. Bei Bekanntwerden von entsprechenden<br>Rechtsverletzungen werden wir diese Inhalte umgehend entfernen.<\/p>\n\n\n\n<p><strong>Haftung f\u00fcr Links<\/strong><br>Unser Angebot enth\u00e4lt Links zu externen Websites Dritter, auf deren Inhalte wir keinen Einfluss haben.<br>Deshalb k\u00f6nnen wir f\u00fcr diese fremden Inhalte auch keine Gew\u00e4hr \u00fcbernehmen. F\u00fcr die Inhalte der<br>verlinkten Seiten ist stets der jeweilige Anbieter oder Betreiber der Seiten verantwortlich. Die verlinkten<br>Seiten wurden zum Zeitpunkt der Verlinkung auf m\u00f6gliche Rechtsverst\u00f6\u00dfe \u00fcberpr\u00fcft. Rechtswidrige Inhalte<br>waren zum Zeitpunkt der Verlinkung nicht erkennbar.<br>Eine permanente inhaltliche Kontrolle der verlinkten Seiten ist jedoch ohne konkrete Anhaltspunkte einer<br>Rechtsverletzung nicht zumutbar. Bei Bekanntwerden von Rechtsverletzungen werden wir derartige Links<br>umgehend entfernen.<\/p>\n\n\n\n<p><strong>Urheberrecht<\/strong><br>Die durch die Seitenbetreiber erstellten Inhalte und Werke auf diesen Seiten unterliegen dem deutschen<br>Urheberrecht. Die Vervielf\u00e4ltigung, Bearbeitung, Verbreitung und jede Art der Verwertung au\u00dferhalb der<br>Grenzen des Urheberrechtes bed\u00fcrfen der schriftlichen Zustimmung des jeweiligen Autors bzw. Erstellers.<br>Downloads und Kopien dieser Seite sind nur f\u00fcr den privaten, nicht kommerziellen Gebrauch gestattet.<br>Soweit die Inhalte auf dieser Seite nicht vom Betreiber erstellt wurden, werden die Urheberrechte Dritter<br>beachtet. Insbesondere werden Inhalte Dritter als solche gekennzeichnet. Sollten Sie trotzdem auf eine<br>Urheberrechtsverletzung aufmerksam werden, bitten wir um einen entsprechenden Hinweis. Bei<br>Bekanntwerden von Rechtsverletzungen werden wir derartige Inhalte umgehend entfernen.<br><\/p>\n\n\n\n<p>Quelle:<br>https:\/\/www.e-recht24.de\/impressum-generator.html<\/p>\n","protected":false},"excerpt":{"rendered":"<p>Angaben gem\u00e4\u00df \u00a7 5 TMGYallaroo GbRKiwittredder 36, 22399 Hamburg Vertreten durch Herr Frank Kwidor und Herr Volker John und weitere Gesellschafter gem\u00e4\u00df GbR Vertrag KontaktTelefon: 01736829625E-Mail: frank@yallaroo.de Bankverbindung N26 IBAN: [&hellip;]<\/p>\n","protected":false},"author":4,"featured_media":0,"parent":0,"menu_order":0,"comment_status":"closed","ping_status":"closed","template":"","meta":{"footnotes":""},"class_list":["post-1199","page","type-page","status-publish","hentry"],"_links":{"self":[{"href":"https:\/\/yallaroo.de\/index.php\/wp-json\/wp\/v2\/pages\/1199","targetHints":{"allow":["GET"]}}],"collection":[{"href":"https:\/\/yallaroo.de\/index.php\/wp-json\/wp\/v2\/pages"}],"about":[{"href":"https:\/\/yallaroo.de\/index.php\/wp-json\/wp\/v2\/types\/page"}],"author":[{"embeddable":true,"href":"https:\/\/yallaroo.de\/index.php\/wp-json\/wp\/v2\/users\/4"}],"replies":[{"embeddable":true,"href":"https:\/\/yallaroo.de\/index.php\/wp-json\/wp\/v2\/comments?post=1199"}],"version-history":[{"count":10,"href":"https:\/\/yallaroo.de\/index.php\/wp-json\/wp\/v2\/pages\/1199\/revisions"}],"predecessor-version":[{"id":1479,"href":"https:\/\/yallaroo.de\/index.php\/wp-json\/wp\/v2\/pages\/1199\/revisions\/1479"}],"wp:attachment":[{"href":"https:\/\/yallaroo.de\/index.php\/wp-json\/wp\/v2\/media?parent=1199"}],"curies":[{"name":"wp","href":"https:\/\/api.w.org\/{rel}","templated":true}]}}